{"id":117,"date":"2026-04-02T19:32:20","date_gmt":"2026-04-02T19:32:20","guid":{"rendered":"http:\/\/www.meridianoconvive.org\/?page_id=117"},"modified":"2026-04-03T08:01:33","modified_gmt":"2026-04-03T08:01:33","slug":"que-es-meridiano-2","status":"publish","type":"page","link":"http:\/\/www.meridianoconvive.org\/?page_id=117","title":{"rendered":"\u00bfQu\u00e9 es Meridiano?"},"content":{"rendered":"\n<p>Somos un grupo de personas que <a href=\"https:\/\/proyectomeridiano.blogspot.com\/\" data-type=\"link\" data-id=\"https:\/\/proyectomeridiano.blogspot.com\/\" target=\"_blank\" rel=\"noreferrer noopener\">desde hace a\u00f1os<\/a> aspiramos a convivir en Madrid. Queremos vivir en la ciudad donde siempre hemos vivido en contacto con nuestros amigos y familiares.<\/p>\n\n\n\n<p>Es un proyecto de cohousing residencial autogestionado por los propios miembros, para formar un espacio de pertenencia, convivir y compartir proyectos, conservar la independencia y disfrutar de la vida con amigos.<\/p>\n\n\n\n<p>En\u00a0 Meridiano nos cuidamos desde la amistad, apoyo mutuo y la solidaridad, creando una comunidad donde cada persona cuenta y participa activamente en la vida com\u00fan. Respetamos la autonom\u00eda decisoria de las personas, sus ritmos y sus necesidades individuales, al tiempo que compartimos servicios y espacios que facilitan el bienestar diario. Aqu\u00ed el cuidado es acompa\u00f1amiento, escucha y compromiso colectivo para vivir esta etapa con seguridad, dignidad y compa\u00f1\u00eda.<br><\/p>\n\n\n\n<figure class=\"wp-block-image size-full\"><img loading=\"lazy\" decoding=\"async\" width=\"800\" height=\"452\" src=\"http:\/\/www.meridianoconvive.org\/wp-content\/uploads\/2026\/04\/skyline_madrid.webp\" alt=\"\" class=\"wp-image-57\" srcset=\"http:\/\/www.meridianoconvive.org\/wp-content\/uploads\/2026\/04\/skyline_madrid.webp 800w, http:\/\/www.meridianoconvive.org\/wp-content\/uploads\/2026\/04\/skyline_madrid-300x170.webp 300w, http:\/\/www.meridianoconvive.org\/wp-content\/uploads\/2026\/04\/skyline_madrid-768x434.webp 768w\" sizes=\"auto, (max-width: 800px) 100vw, 800px\" \/><\/figure>\n\n\n\n<p><\/p>\n","protected":false},"excerpt":{"rendered":"<p>Somos un grupo de personas que desde hace a\u00f1os aspiramos a convivir en Madrid. Queremos vivir en la ciudad donde siempre hemos vivido en contacto con nuestros amigos y familiares. Es un proyecto de cohousing residencial autogestionado por los propios miembros, para formar un espacio de pertenencia, convivir y compartir proyectos, conservar la independencia y [&hellip;]<\/p>\n","protected":false},"author":1,"featured_media":0,"parent":95,"menu_order":0,"comment_status":"closed","ping_status":"closed","template":"","meta":{"pagelayer_contact_templates":[],"_pagelayer_content":"","footnotes":""},"class_list":["post-117","page","type-page","status-publish","hentry"],"_links":{"self":[{"href":"http:\/\/www.meridianoconvive.org\/index.php?rest_route=\/wp\/v2\/pages\/117","targetHints":{"allow":["GET"]}}],"collection":[{"href":"http:\/\/www.meridianoconvive.org\/index.php?rest_route=\/wp\/v2\/pages"}],"about":[{"href":"http:\/\/www.meridianoconvive.org\/index.php?rest_route=\/wp\/v2\/types\/page"}],"author":[{"embeddable":true,"href":"http:\/\/www.meridianoconvive.org\/index.php?rest_route=\/wp\/v2\/users\/1"}],"replies":[{"embeddable":true,"href":"http:\/\/www.meridianoconvive.org\/index.php?rest_route=%2Fwp%2Fv2%2Fcomments&post=117"}],"version-history":[{"count":2,"href":"http:\/\/www.meridianoconvive.org\/index.php?rest_route=\/wp\/v2\/pages\/117\/revisions"}],"predecessor-version":[{"id":130,"href":"http:\/\/www.meridianoconvive.org\/index.php?rest_route=\/wp\/v2\/pages\/117\/revisions\/130"}],"up":[{"embeddable":true,"href":"http:\/\/www.meridianoconvive.org\/index.php?rest_route=\/wp\/v2\/pages\/95"}],"wp:attachment":[{"href":"http:\/\/www.meridianoconvive.org\/index.php?rest_route=%2Fwp%2Fv2%2Fmedia&parent=117"}],"curies":[{"name":"wp","href":"https:\/\/api.w.org\/{rel}","templated":true}]}}